{"id":406,"date":"2026-04-30T13:41:24","date_gmt":"2026-04-30T13:41:24","guid":{"rendered":"https:\/\/oxigenhotel.hu\/?page_id=406"},"modified":"2026-04-30T13:41:24","modified_gmt":"2026-04-30T13:41:24","slug":"adatkezelesi-tajekoztato-2","status":"publish","type":"page","link":"https:\/\/oxigenhotel.hu\/sk\/adatkezelesi-tajekoztato-2\/","title":{"rendered":"Adatkezel\u00e9si t\u00e1j\u00e9koztat\u00f3"},"content":{"rendered":"","protected":false},"excerpt":{"rendered":"","protected":false},"author":5,"featured_media":0,"parent":0,"menu_order":0,"comment_status":"closed","ping_status":"closed","template":"","meta":{"footnotes":""},"class_list":["post-406","page","type-page","status-publish","hentry"],"yoast_head":"<!-- This site is optimized with the Yoast SEO plugin v27.5 - https:\/\/yoast.com\/product\/yoast-seo-wordpress\/ -->\n<title>Adatkezel\u00e9si t\u00e1j\u00e9koztat\u00f3 - Oxig\u00e9n Family Hotel****<\/title>\n<meta name=\"robots\" content=\"index, follow, max-snippet:-1, max-image-preview:large, max-video-preview:-1\" \/>\n<link rel=\"canonical\" href=\"https:\/\/oxigenhotel.hu\/sk\/adatkezelesi-tajekoztato-2\/\" \/>\n<meta property=\"og:locale\" content=\"sk_SK\" \/>\n<meta property=\"og:type\" content=\"article\" \/>\n<meta property=\"og:title\" content=\"Adatkezel\u00e9si t\u00e1j\u00e9koztat\u00f3 - Oxig\u00e9n Family Hotel****\" \/>\n<meta property=\"og:url\" content=\"https:\/\/oxigenhotel.hu\/sk\/adatkezelesi-tajekoztato-2\/\" \/>\n<meta property=\"og:site_name\" content=\"Oxig\u00e9n Family Hotel****\" \/>\n<meta name=\"twitter:card\" content=\"summary_large_image\" \/>\n<script type=\"application\/ld+json\" class=\"yoast-schema-graph\">{\"@context\":\"https:\\\/\\\/schema.org\",\"@graph\":[{\"@type\":\"WebPage\",\"@id\":\"https:\\\/\\\/oxigenhotel.hu\\\/sk\\\/adatkezelesi-tajekoztato-2\\\/\",\"url\":\"https:\\\/\\\/oxigenhotel.hu\\\/sk\\\/adatkezelesi-tajekoztato-2\\\/\",\"name\":\"Adatkezel\u00e9si t\u00e1j\u00e9koztat\u00f3 - Oxig\u00e9n Family Hotel****\",\"isPartOf\":{\"@id\":\"https:\\\/\\\/oxigenhotel.hu\\\/sk\\\/#website\"},\"datePublished\":\"2026-04-30T13:41:24+00:00\",\"breadcrumb\":{\"@id\":\"https:\\\/\\\/oxigenhotel.hu\\\/sk\\\/adatkezelesi-tajekoztato-2\\\/#breadcrumb\"},\"inLanguage\":\"sk-SK\",\"potentialAction\":[{\"@type\":\"ReadAction\",\"target\":[\"https:\\\/\\\/oxigenhotel.hu\\\/sk\\\/adatkezelesi-tajekoztato-2\\\/\"]}]},{\"@type\":\"BreadcrumbList\",\"@id\":\"https:\\\/\\\/oxigenhotel.hu\\\/sk\\\/adatkezelesi-tajekoztato-2\\\/#breadcrumb\",\"itemListElement\":[{\"@type\":\"ListItem\",\"position\":1,\"name\":\"Kezd\u0151lap\",\"item\":\"https:\\\/\\\/oxigenhotel.hu\\\/sk\\\/\"},{\"@type\":\"ListItem\",\"position\":2,\"name\":\"Adatkezel\u00e9si t\u00e1j\u00e9koztat\u00f3\"}]},{\"@type\":\"WebSite\",\"@id\":\"https:\\\/\\\/oxigenhotel.hu\\\/sk\\\/#website\",\"url\":\"https:\\\/\\\/oxigenhotel.hu\\\/sk\\\/\",\"name\":\"Oxig\u00e9n Family Hotel****\",\"description\":\"\",\"publisher\":{\"@id\":\"https:\\\/\\\/oxigenhotel.hu\\\/sk\\\/#organization\"},\"potentialAction\":[{\"@type\":\"SearchAction\",\"target\":{\"@type\":\"EntryPoint\",\"urlTemplate\":\"https:\\\/\\\/oxigenhotel.hu\\\/sk\\\/?s={search_term_string}\"},\"query-input\":{\"@type\":\"PropertyValueSpecification\",\"valueRequired\":true,\"valueName\":\"search_term_string\"}}],\"inLanguage\":\"sk-SK\"},{\"@type\":\"Organization\",\"@id\":\"https:\\\/\\\/oxigenhotel.hu\\\/sk\\\/#organization\",\"name\":\"Oxig\u00e9n Family Hotel****\",\"url\":\"https:\\\/\\\/oxigenhotel.hu\\\/sk\\\/\",\"logo\":{\"@type\":\"ImageObject\",\"inLanguage\":\"sk-SK\",\"@id\":\"https:\\\/\\\/oxigenhotel.hu\\\/sk\\\/#\\\/schema\\\/logo\\\/image\\\/\",\"url\":\"https:\\\/\\\/oxigenhotel.hu\\\/wp-content\\\/uploads\\\/2025\\\/12\\\/oxigen-hotel-logo.png\",\"contentUrl\":\"https:\\\/\\\/oxigenhotel.hu\\\/wp-content\\\/uploads\\\/2025\\\/12\\\/oxigen-hotel-logo.png\",\"width\":1318,\"height\":337,\"caption\":\"Oxig\u00e9n Family Hotel****\"},\"image\":{\"@id\":\"https:\\\/\\\/oxigenhotel.hu\\\/sk\\\/#\\\/schema\\\/logo\\\/image\\\/\"}}]}<\/script>\n<!-- \/ Yoast SEO plugin. -->","yoast_head_json":{"title":"Adatkezel\u00e9si t\u00e1j\u00e9koztat\u00f3 - Oxig\u00e9n Family Hotel****","robots":{"index":"index","follow":"follow","max-snippet":"max-snippet:-1","max-image-preview":"max-image-preview:large","max-video-preview":"max-video-preview:-1"},"canonical":"https:\/\/oxigenhotel.hu\/sk\/adatkezelesi-tajekoztato-2\/","og_locale":"sk_SK","og_type":"article","og_title":"Adatkezel\u00e9si t\u00e1j\u00e9koztat\u00f3 - Oxig\u00e9n Family Hotel****","og_url":"https:\/\/oxigenhotel.hu\/sk\/adatkezelesi-tajekoztato-2\/","og_site_name":"Oxig\u00e9n Family Hotel****","twitter_card":"summary_large_image","schema":{"@context":"https:\/\/schema.org","@graph":[{"@type":"WebPage","@id":"https:\/\/oxigenhotel.hu\/sk\/adatkezelesi-tajekoztato-2\/","url":"https:\/\/oxigenhotel.hu\/sk\/adatkezelesi-tajekoztato-2\/","name":"Adatkezel\u00e9si t\u00e1j\u00e9koztat\u00f3 - Oxig\u00e9n Family Hotel****","isPartOf":{"@id":"https:\/\/oxigenhotel.hu\/sk\/#website"},"datePublished":"2026-04-30T13:41:24+00:00","breadcrumb":{"@id":"https:\/\/oxigenhotel.hu\/sk\/adatkezelesi-tajekoztato-2\/#breadcrumb"},"inLanguage":"sk-SK","potentialAction":[{"@type":"ReadAction","target":["https:\/\/oxigenhotel.hu\/sk\/adatkezelesi-tajekoztato-2\/"]}]},{"@type":"BreadcrumbList","@id":"https:\/\/oxigenhotel.hu\/sk\/adatkezelesi-tajekoztato-2\/#breadcrumb","itemListElement":[{"@type":"ListItem","position":1,"name":"Kezd\u0151lap","item":"https:\/\/oxigenhotel.hu\/sk\/"},{"@type":"ListItem","position":2,"name":"Adatkezel\u00e9si t\u00e1j\u00e9koztat\u00f3"}]},{"@type":"WebSite","@id":"https:\/\/oxigenhotel.hu\/sk\/#website","url":"https:\/\/oxigenhotel.hu\/sk\/","name":"Oxig\u00e9n Family Hotel****","description":"","publisher":{"@id":"https:\/\/oxigenhotel.hu\/sk\/#organization"},"potentialAction":[{"@type":"SearchAction","target":{"@type":"EntryPoint","urlTemplate":"https:\/\/oxigenhotel.hu\/sk\/?s={search_term_string}"},"query-input":{"@type":"PropertyValueSpecification","valueRequired":true,"valueName":"search_term_string"}}],"inLanguage":"sk-SK"},{"@type":"Organization","@id":"https:\/\/oxigenhotel.hu\/sk\/#organization","name":"Oxig\u00e9n Family Hotel****","url":"https:\/\/oxigenhotel.hu\/sk\/","logo":{"@type":"ImageObject","inLanguage":"sk-SK","@id":"https:\/\/oxigenhotel.hu\/sk\/#\/schema\/logo\/image\/","url":"https:\/\/oxigenhotel.hu\/wp-content\/uploads\/2025\/12\/oxigen-hotel-logo.png","contentUrl":"https:\/\/oxigenhotel.hu\/wp-content\/uploads\/2025\/12\/oxigen-hotel-logo.png","width":1318,"height":337,"caption":"Oxig\u00e9n Family Hotel****"},"image":{"@id":"https:\/\/oxigenhotel.hu\/sk\/#\/schema\/logo\/image\/"}}]}},"_links":{"self":[{"href":"https:\/\/oxigenhotel.hu\/sk\/wp-json\/wp\/v2\/pages\/406","targetHints":{"allow":["GET"]}}],"collection":[{"href":"https:\/\/oxigenhotel.hu\/sk\/wp-json\/wp\/v2\/pages"}],"about":[{"href":"https:\/\/oxigenhotel.hu\/sk\/wp-json\/wp\/v2\/types\/page"}],"author":[{"embeddable":true,"href":"https:\/\/oxigenhotel.hu\/sk\/wp-json\/wp\/v2\/users\/5"}],"replies":[{"embeddable":true,"href":"https:\/\/oxigenhotel.hu\/sk\/wp-json\/wp\/v2\/comments?post=406"}],"version-history":[{"count":1,"href":"https:\/\/oxigenhotel.hu\/sk\/wp-json\/wp\/v2\/pages\/406\/revisions"}],"predecessor-version":[{"id":408,"href":"https:\/\/oxigenhotel.hu\/sk\/wp-json\/wp\/v2\/pages\/406\/revisions\/408"}],"wp:attachment":[{"href":"https:\/\/oxigenhotel.hu\/sk\/wp-json\/wp\/v2\/media?parent=406"}],"curies":[{"name":"wp","href":"https:\/\/api.w.org\/{rel}","templated":true}]}}