{"id":285,"date":"2026-02-09T12:09:39","date_gmt":"2026-02-09T12:09:39","guid":{"rendered":"https:\/\/oxigenhotel.hu\/hosszabb-ido-kevesebb-ar\/"},"modified":"2026-02-12T12:18:14","modified_gmt":"2026-02-12T12:18:14","slug":"dlhsi-pobyt-nizsia-cena","status":"publish","type":"page","link":"https:\/\/oxigenhotel.hu\/sk\/packages\/dlhsi-pobyt-nizsia-cena\/","title":{"rendered":"Dlh\u0161\u00ed pobyt, ni\u017e\u0161ia cena!"},"content":{"rendered":"","protected":false},"excerpt":{"rendered":"","protected":false},"author":3,"featured_media":0,"parent":289,"menu_order":0,"comment_status":"closed","ping_status":"closed","template":"","meta":{"footnotes":""},"class_list":["post-285","page","type-page","status-publish","hentry"],"yoast_head":"<!-- This site is optimized with the Yoast SEO plugin v27.2 - https:\/\/yoast.com\/product\/yoast-seo-wordpress\/ -->\n<title>Dlh\u0161\u00ed pobyt, ni\u017e\u0161ia cena! - Oxig\u00e9n Family Hotel****<\/title>\n<meta name=\"robots\" content=\"index, follow, max-snippet:-1, max-image-preview:large, max-video-preview:-1\" \/>\n<link rel=\"canonical\" href=\"https:\/\/oxigenhotel.hu\/sk\/packages\/dlhsi-pobyt-nizsia-cena\/\" \/>\n<meta property=\"og:locale\" content=\"sk_SK\" \/>\n<meta property=\"og:type\" content=\"article\" \/>\n<meta property=\"og:title\" content=\"Dlh\u0161\u00ed pobyt, ni\u017e\u0161ia cena! - Oxig\u00e9n Family Hotel****\" \/>\n<meta property=\"og:url\" content=\"https:\/\/oxigenhotel.hu\/sk\/packages\/dlhsi-pobyt-nizsia-cena\/\" \/>\n<meta property=\"og:site_name\" content=\"Oxig\u00e9n Family Hotel****\" \/>\n<meta property=\"article:modified_time\" content=\"2026-02-12T12:18:14+00:00\" \/>\n<meta name=\"twitter:card\" content=\"summary_large_image\" \/>\n<script type=\"application\/ld+json\" class=\"yoast-schema-graph\">{\"@context\":\"https:\/\/schema.org\",\"@graph\":[{\"@type\":\"WebPage\",\"@id\":\"https:\/\/oxigenhotel.hu\/sk\/packages\/dlhsi-pobyt-nizsia-cena\/\",\"url\":\"https:\/\/oxigenhotel.hu\/sk\/packages\/dlhsi-pobyt-nizsia-cena\/\",\"name\":\"Dlh\u0161\u00ed pobyt, ni\u017e\u0161ia cena! - Oxig\u00e9n Family Hotel****\",\"isPartOf\":{\"@id\":\"https:\/\/oxigenhotel.hu\/sk\/#website\"},\"datePublished\":\"2026-02-09T12:09:39+00:00\",\"dateModified\":\"2026-02-12T12:18:14+00:00\",\"breadcrumb\":{\"@id\":\"https:\/\/oxigenhotel.hu\/sk\/packages\/dlhsi-pobyt-nizsia-cena\/#breadcrumb\"},\"inLanguage\":\"sk-SK\",\"potentialAction\":[{\"@type\":\"ReadAction\",\"target\":[\"https:\/\/oxigenhotel.hu\/sk\/packages\/dlhsi-pobyt-nizsia-cena\/\"]}]},{\"@type\":\"BreadcrumbList\",\"@id\":\"https:\/\/oxigenhotel.hu\/sk\/packages\/dlhsi-pobyt-nizsia-cena\/#breadcrumb\",\"itemListElement\":[{\"@type\":\"ListItem\",\"position\":1,\"name\":\"Kezd\u0151lap\",\"item\":\"https:\/\/oxigenhotel.hu\/sk\/\"},{\"@type\":\"ListItem\",\"position\":2,\"name\":\"Dlh\u0161\u00ed pobyt, ni\u017e\u0161ia cena!\"}]},{\"@type\":\"WebSite\",\"@id\":\"https:\/\/oxigenhotel.hu\/sk\/#website\",\"url\":\"https:\/\/oxigenhotel.hu\/sk\/\",\"name\":\"Oxig\u00e9n Family Hotel****\",\"description\":\"\",\"publisher\":{\"@id\":\"https:\/\/oxigenhotel.hu\/sk\/#organization\"},\"potentialAction\":[{\"@type\":\"SearchAction\",\"target\":{\"@type\":\"EntryPoint\",\"urlTemplate\":\"https:\/\/oxigenhotel.hu\/sk\/?s={search_term_string}\"},\"query-input\":{\"@type\":\"PropertyValueSpecification\",\"valueRequired\":true,\"valueName\":\"search_term_string\"}}],\"inLanguage\":\"sk-SK\"},{\"@type\":\"Organization\",\"@id\":\"https:\/\/oxigenhotel.hu\/sk\/#organization\",\"name\":\"Oxig\u00e9n Family Hotel****\",\"url\":\"https:\/\/oxigenhotel.hu\/sk\/\",\"logo\":{\"@type\":\"ImageObject\",\"inLanguage\":\"sk-SK\",\"@id\":\"https:\/\/oxigenhotel.hu\/sk\/#\/schema\/logo\/image\/\",\"url\":\"https:\/\/oxigenhotel.hu\/wp-content\/uploads\/2025\/12\/oxigen-hotel-logo.png\",\"contentUrl\":\"https:\/\/oxigenhotel.hu\/wp-content\/uploads\/2025\/12\/oxigen-hotel-logo.png\",\"width\":1318,\"height\":337,\"caption\":\"Oxig\u00e9n Family Hotel****\"},\"image\":{\"@id\":\"https:\/\/oxigenhotel.hu\/sk\/#\/schema\/logo\/image\/\"}}]}<\/script>\n<!-- \/ Yoast SEO plugin. -->","yoast_head_json":{"title":"Dlh\u0161\u00ed pobyt, ni\u017e\u0161ia cena! - Oxig\u00e9n Family Hotel****","robots":{"index":"index","follow":"follow","max-snippet":"max-snippet:-1","max-image-preview":"max-image-preview:large","max-video-preview":"max-video-preview:-1"},"canonical":"https:\/\/oxigenhotel.hu\/sk\/packages\/dlhsi-pobyt-nizsia-cena\/","og_locale":"sk_SK","og_type":"article","og_title":"Dlh\u0161\u00ed pobyt, ni\u017e\u0161ia cena! - Oxig\u00e9n Family Hotel****","og_url":"https:\/\/oxigenhotel.hu\/sk\/packages\/dlhsi-pobyt-nizsia-cena\/","og_site_name":"Oxig\u00e9n Family Hotel****","article_modified_time":"2026-02-12T12:18:14+00:00","twitter_card":"summary_large_image","schema":{"@context":"https:\/\/schema.org","@graph":[{"@type":"WebPage","@id":"https:\/\/oxigenhotel.hu\/sk\/packages\/dlhsi-pobyt-nizsia-cena\/","url":"https:\/\/oxigenhotel.hu\/sk\/packages\/dlhsi-pobyt-nizsia-cena\/","name":"Dlh\u0161\u00ed pobyt, ni\u017e\u0161ia cena! - Oxig\u00e9n Family Hotel****","isPartOf":{"@id":"https:\/\/oxigenhotel.hu\/sk\/#website"},"datePublished":"2026-02-09T12:09:39+00:00","dateModified":"2026-02-12T12:18:14+00:00","breadcrumb":{"@id":"https:\/\/oxigenhotel.hu\/sk\/packages\/dlhsi-pobyt-nizsia-cena\/#breadcrumb"},"inLanguage":"sk-SK","potentialAction":[{"@type":"ReadAction","target":["https:\/\/oxigenhotel.hu\/sk\/packages\/dlhsi-pobyt-nizsia-cena\/"]}]},{"@type":"BreadcrumbList","@id":"https:\/\/oxigenhotel.hu\/sk\/packages\/dlhsi-pobyt-nizsia-cena\/#breadcrumb","itemListElement":[{"@type":"ListItem","position":1,"name":"Kezd\u0151lap","item":"https:\/\/oxigenhotel.hu\/sk\/"},{"@type":"ListItem","position":2,"name":"Dlh\u0161\u00ed pobyt, ni\u017e\u0161ia cena!"}]},{"@type":"WebSite","@id":"https:\/\/oxigenhotel.hu\/sk\/#website","url":"https:\/\/oxigenhotel.hu\/sk\/","name":"Oxig\u00e9n Family Hotel****","description":"","publisher":{"@id":"https:\/\/oxigenhotel.hu\/sk\/#organization"},"potentialAction":[{"@type":"SearchAction","target":{"@type":"EntryPoint","urlTemplate":"https:\/\/oxigenhotel.hu\/sk\/?s={search_term_string}"},"query-input":{"@type":"PropertyValueSpecification","valueRequired":true,"valueName":"search_term_string"}}],"inLanguage":"sk-SK"},{"@type":"Organization","@id":"https:\/\/oxigenhotel.hu\/sk\/#organization","name":"Oxig\u00e9n Family Hotel****","url":"https:\/\/oxigenhotel.hu\/sk\/","logo":{"@type":"ImageObject","inLanguage":"sk-SK","@id":"https:\/\/oxigenhotel.hu\/sk\/#\/schema\/logo\/image\/","url":"https:\/\/oxigenhotel.hu\/wp-content\/uploads\/2025\/12\/oxigen-hotel-logo.png","contentUrl":"https:\/\/oxigenhotel.hu\/wp-content\/uploads\/2025\/12\/oxigen-hotel-logo.png","width":1318,"height":337,"caption":"Oxig\u00e9n Family Hotel****"},"image":{"@id":"https:\/\/oxigenhotel.hu\/sk\/#\/schema\/logo\/image\/"}}]}},"_links":{"self":[{"href":"https:\/\/oxigenhotel.hu\/sk\/wp-json\/wp\/v2\/pages\/285","targetHints":{"allow":["GET"]}}],"collection":[{"href":"https:\/\/oxigenhotel.hu\/sk\/wp-json\/wp\/v2\/pages"}],"about":[{"href":"https:\/\/oxigenhotel.hu\/sk\/wp-json\/wp\/v2\/types\/page"}],"author":[{"embeddable":true,"href":"https:\/\/oxigenhotel.hu\/sk\/wp-json\/wp\/v2\/users\/3"}],"replies":[{"embeddable":true,"href":"https:\/\/oxigenhotel.hu\/sk\/wp-json\/wp\/v2\/comments?post=285"}],"version-history":[{"count":1,"href":"https:\/\/oxigenhotel.hu\/sk\/wp-json\/wp\/v2\/pages\/285\/revisions"}],"predecessor-version":[{"id":287,"href":"https:\/\/oxigenhotel.hu\/sk\/wp-json\/wp\/v2\/pages\/285\/revisions\/287"}],"up":[{"embeddable":true,"href":"https:\/\/oxigenhotel.hu\/sk\/wp-json\/wp\/v2\/pages\/289"}],"wp:attachment":[{"href":"https:\/\/oxigenhotel.hu\/sk\/wp-json\/wp\/v2\/media?parent=285"}],"curies":[{"name":"wp","href":"https:\/\/api.w.org\/{rel}","templated":true}]}}